{"id":5852,"date":"2025-09-09T04:55:44","date_gmt":"2025-09-09T07:55:44","guid":{"rendered":"https:\/\/ap.net.ar\/blog\/?page_id=5852"},"modified":"2025-09-21T07:04:17","modified_gmt":"2025-09-21T10:04:17","slug":"inicio","status":"publish","type":"page","link":"https:\/\/ap.net.ar\/blog\/","title":{"rendered":"Inicio"},"content":{"rendered":"<p>[et_pb_section fb_built=\u00bb1&#8243; _builder_version=\u00bb4.27.4&#8243; _module_preset=\u00bbdefault\u00bb background_image=\u00bbhttps:\/\/ap.net.ar\/blog\/wp-content\/uploads\/portada.webp\u00bb global_colors_info=\u00bb{}\u00bb][et_pb_row column_structure=\u00bb2_5,3_5&#8243; custom_padding_last_edited=\u00bbon|phone\u00bb _builder_version=\u00bb4.27.4&#8243; _module_preset=\u00bbdefault\u00bb custom_padding_tablet=\u00bb\u00bb custom_padding_phone=\u00bb0px||0px||true|false\u00bb global_colors_info=\u00bb{}\u00bb][et_pb_column type=\u00bb2_5&#8243; disabled_on=\u00bboff|off|off\u00bb _builder_version=\u00bb4.27.4&#8243; _module_preset=\u00bbdefault\u00bb global_colors_info=\u00bb{}\u00bb][et_pb_text _builder_version=\u00bb4.27.4&#8243; _module_preset=\u00bbdefault\u00bb text_text_color=\u00bb#FFFFFF\u00bb text_font_size=\u00bb22px\u00bb text_line_height=\u00bb1.9em\u00bb text_font_size_tablet=\u00bb18px\u00bb text_font_size_phone=\u00bb15px\u00bb text_font_size_last_edited=\u00bbon|desktop\u00bb global_colors_info=\u00bb{}\u00bb]<\/p>\n<p><strong>En TECNOLOG\u00cdA<\/strong><br \/><em>\u00abLo \u00fanico Constante es<\/em><br \/><em>El Cambio\u00bb<\/em><\/p>\n<p>[\/et_pb_text][\/et_pb_column][et_pb_column type=\u00bb3_5&#8243; _builder_version=\u00bb4.23.1&#8243; _module_preset=\u00bbdefault\u00bb global_colors_info=\u00bb{}\u00bb][et_pb_text _builder_version=\u00bb4.27.4&#8243; _module_preset=\u00bbdefault\u00bb text_text_color=\u00bb#FFFFFF\u00bb text_font_size=\u00bb15px\u00bb text_font_size_tablet=\u00bb14px\u00bb text_font_size_phone=\u00bb13px\u00bb text_font_size_last_edited=\u00bbon|phone\u00bb global_colors_info=\u00bb{}\u00bb]<\/p>\n<p>Est\u00e1s en un Blog m\u00e1s, pero <strong>diferente<\/strong> a otros Institucionales que dar\u00e1 Novedades o Promociones en su empresa o del sector. Su finalidad inicial surgi\u00f3 compartiendo de forma privada a nuestros Clientes que ya forman parte de nuestro ecosistema digital: Recursos, Explicaciones, etc (<strong>Soluciones <\/strong>valiosas para ellos y explicadas sin <span style=\"font-weight: 400;\">tecnicismos<\/span>).<br \/><strong>\u00a1En 2003,<\/strong> desde <em>AP \u00b7 Soluciones Digitales<\/em>, <strong>decidimos abrir uno nuevo p\u00fablico para ayudar a todo aquel que necesite resolver lo t\u00e9cnico de forma simple y brindar nuestras experiencias de apenas 30 a\u00f1os que venimos construyendo Web!\u00a0<\/strong><\/p>\n<p>[\/et_pb_text][\/et_pb_column][\/et_pb_row][\/et_pb_section][et_pb_section fb_built=\u00bb1&#8243; _builder_version=\u00bb4.17.4&#8243; _module_preset=\u00bbdefault\u00bb custom_padding=\u00bb0px||0px||true|false\u00bb global_colors_info=\u00bb{}\u00bb][et_pb_row _builder_version=\u00bb4.17.4&#8243; _module_preset=\u00bbdefault\u00bb width=\u00bb90%\u00bb max_width=\u00bb90%\u00bb custom_padding=\u00bb5px||5px||true|false\u00bb global_colors_info=\u00bb{}\u00bb][et_pb_column type=\u00bb4_4&#8243; _builder_version=\u00bb4.17.4&#8243; _module_preset=\u00bbdefault\u00bb global_colors_info=\u00bb{}\u00bb][et_pb_text admin_label=\u00bbFecha\u00bb _builder_version=\u00bb4.27.4&#8243; _dynamic_attributes=\u00bbcontent\u00bb _module_preset=\u00bbdefault\u00bb text_font=\u00bb||||||||\u00bb text_orientation=\u00bbright\u00bb custom_margin=\u00bb||0px||false|false\u00bb custom_padding=\u00bb||0px||false|false\u00bb custom_css_main_element=\u00bb  text-transform: capitalize !important;\u00bb global_colors_info=\u00bb{}\u00bb]@ET-DC@eyJkeW5hbWljIjp0cnVlLCJjb250ZW50IjoiY3VycmVudF9kYXRlIiwic2V0dGluZ3MiOnsiYmVmb3JlIjoiIiwiYWZ0ZXIiOiIiLCJkYXRlX2Zvcm1hdCI6ImN1c3RvbSIsImN1c3RvbV9kYXRlX2Zvcm1hdCI6ImwsIGQgXFxkXFxlIEYgXFxkXFxlIFkifX0=@[\/et_pb_text][et_pb_text admin_label=\u00bbFecha\u00bb _builder_version=\u00bb4.27.4&#8243; _module_preset=\u00bbdefault\u00bb text_font=\u00bb||||||||\u00bb text_orientation=\u00bbright\u00bb custom_css_main_element=\u00bb  text-transform: capitalize !important;\u00bb global_colors_info=\u00bb{}\u00bb]<\/p>\n<p>Argentina<\/p>\n<p>[\/et_pb_text][\/et_pb_column][\/et_pb_row][\/et_pb_section][et_pb_section fb_built=\u00bb1&#8243; _builder_version=\u00bb4.27.4&#8243; _module_preset=\u00bbdefault\u00bb custom_margin=\u00bb10px||0px||false|false\u00bb custom_margin_tablet=\u00bb20px||||false|false\u00bb custom_margin_phone=\u00bb20px||||false|false\u00bb custom_margin_last_edited=\u00bbon|phone\u00bb custom_padding=\u00bb0px||0px||true|false\u00bb global_colors_info=\u00bb{}\u00bb][et_pb_row _builder_version=\u00bb4.27.4&#8243; _module_preset=\u00bbdefault\u00bb custom_padding=\u00bb0px||0px||true|false\u00bb global_colors_info=\u00bb{}\u00bb][et_pb_column type=\u00bb4_4&#8243; _builder_version=\u00bb4.27.4&#8243; _module_preset=\u00bbdefault\u00bb global_colors_info=\u00bb{}\u00bb][et_pb_text _builder_version=\u00bb4.27.4&#8243; _module_preset=\u00bbdefault\u00bb text_font=\u00bb|700|||||||\u00bb text_text_color=\u00bb#242424&#8243; text_font_size=\u00bb18px\u00bb custom_margin=\u00bb||0px||false|false\u00bb custom_padding=\u00bb||0px||false|false\u00bb global_colors_info=\u00bb{}\u00bb]<\/p>\n<p>AMPLIANDO LA CULTURA DIGITAL<\/p>\n<p>[\/et_pb_text][\/et_pb_column][\/et_pb_row][\/et_pb_section][et_pb_section fb_built=\u00bb1&#8243; custom_padding_last_edited=\u00bbon|phone\u00bb _builder_version=\u00bb4.27.4&#8243; _module_preset=\u00bbdefault\u00bb custom_padding=\u00bb30px||0px||false|false\u00bb custom_padding_tablet=\u00bb30px||0px||false|false\u00bb custom_padding_phone=\u00bb20px||||false|false\u00bb global_colors_info=\u00bb{}\u00bb][et_pb_row column_structure=\u00bb2_3,1_3&#8243; use_custom_gutter=\u00bbon\u00bb gutter_width=\u00bb2&#8243; _builder_version=\u00bb4.23.1&#8243; _module_preset=\u00bbdefault\u00bb custom_padding=\u00bb0px||||false|false\u00bb global_colors_info=\u00bb{}\u00bb][et_pb_column type=\u00bb2_3&#8243; _builder_version=\u00bb4.23.1&#8243; _module_preset=\u00bbdefault\u00bb global_colors_info=\u00bb{}\u00bb][dgbm_blog_module posts_number=\u00bb3&#8243; type=\u00bb3&#8243; include_categories=\u00bb1,13&#8243; show_excerpt=\u00bboff\u00bb show_author=\u00bboff\u00bb meta_date=\u00bbd\/m\/Y\u00bb show_pagination=\u00bboff\u00bb layout=\u00bbfull-width\u00bb layout_styles=\u00bbimage-left-right\u00bb equal_height_column=\u00bbon\u00bb image_size=\u00bblarge\u00bb image_scale_on_hover=\u00bbon\u00bb article_margin=\u00bb||42px||false|false\u00bb content_padding=\u00bb85px|30px|85px|52px|true|false\u00bb content_padding_tablet=\u00bb30px||30px|30px|true|false\u00bb content_padding_phone=\u00bb30px||30px||true|false\u00bb content_padding_last_edited=\u00bbon|phone\u00bb title_margin=\u00bb||10px||false|false\u00bb meta_bottom_margin=\u00bb14px||||false|false\u00bb author_location=\u00bbtop\u00bb author_background_color=\u00bbrgba(255,255,255,0)\u00bb date_location=\u00bbtop\u00bb date_background_color=\u00bbrgba(255,255,255,0)\u00bb category_location=\u00bbbottom\u00bb category_background_color=\u00bbrgba(255,255,255,0)\u00bb comment_background_color=\u00bbrgba(255,255,255,0)\u00bb category_padding=\u00bb1px|9px|1px|9px|true|true\u00bb _builder_version=\u00bb4.27.4&#8243; title_font=\u00bbMontserrat|600|||||||\u00bb title_text_color=\u00bb#ffffff\u00bb title_font_size=\u00bb25px\u00bb title_line_height=\u00bb1.4em\u00bb meta_font=\u00bbPoppins|700|||||||\u00bb meta_text_color=\u00bb#ffffff\u00bb content_font=\u00bbRaleway||||||||\u00bb content_text_color=\u00bb#ffffff\u00bb read_more_text_color=\u00bb#ffffff\u00bb author_text_color=\u00bb#ffffff\u00bb date_text_color=\u00bb#ffffff\u00bb date_font_size=\u00bb12px\u00bb category_text_color=\u00bb#ffffff\u00bb category_font_size=\u00bb12px\u00bb comment_font=\u00bbRaleway||||||||\u00bb use_background_color_gradient=\u00bbon\u00bb background_color_gradient_direction=\u00bb68deg\u00bb background_color_gradient_stops=\u00bb#04e6fc 0%|rgba(11, 188, 206, 1) 23%|#242424 63%\u00bb background_color_gradient_start=\u00bb#e91e63&#8243; background_color_gradient_end=\u00bb#9c27b0&#8243; title_font_size_tablet=\u00bb20px\u00bb title_font_size_phone=\u00bb20px\u00bb title_font_size_last_edited=\u00bbon|phone\u00bb title_line_height_tablet=\u00bb1.2em\u00bb title_line_height_phone=\u00bb\u00bb title_line_height_last_edited=\u00bbon|tablet\u00bb border_color_all_category=\u00bb#ffffff\u00bb border_width_top_category=\u00bb1px\u00bb border_width_bottom_category=\u00bb1px\u00bb box_shadow_style_container=\u00bbpreset3&#8243; locked=\u00bboff\u00bb global_colors_info=\u00bb{}\u00bb title_text_color__hover_enabled=\u00bbon|hover\u00bb title_text_color__hover=\u00bb#ffffff\u00bb][\/dgbm_blog_module][dgbm_blog_module posts_number=\u00bb3&#8243; offset_number=\u00bb4&#8243; show_excerpt=\u00bboff\u00bb show_author=\u00bboff\u00bb meta_date=\u00bbj M Y\u00bb show_pagination=\u00bboff\u00bb layout=\u00bbfull-width\u00bb layout_styles=\u00bbimage-left\u00bb equal_height_column=\u00bbon\u00bb image_width=\u00bb22%\u00bb image_size=\u00bblarge\u00bb image_overlay=\u00bbon\u00bb overlay_color=\u00bbrgba(51,51,51,0.59)\u00bb image_scale_on_hover=\u00bbon\u00bb use_meta_icon=\u00bbon\u00bb bottom_position_alignment=\u00bbcenter\u00bb top_position_bg=\u00bbrgba(0,0,0,0)\u00bb pagination_background=\u00bbrgba(255,255,255,0)\u00bb article_margin=\u00bb||37px||false|false\u00bb content_padding=\u00bb24px|40px|24px|40px|true|true\u00bb title_margin=\u00bb12px||12px||true|false\u00bb button_margin=\u00bb11px||||false|false\u00bb author_location=\u00bbtop\u00bb author_background_color=\u00bbrgba(0,0,0,0)\u00bb date_location=\u00bbtop\u00bb date_background_color=\u00bbrgba(255,255,255,0)\u00bb category_location=\u00bbtop\u00bb category_background_color=\u00bbrgba(0,0,0,0)\u00bb comment_background_color=\u00bbrgba(255,255,255,0)\u00bb author_padding=\u00bb5px|11px|5px|11px|true|true\u00bb date_padding=\u00bb5px||5px||true|true\u00bb category_padding=\u00bb5px|17px|5px|12px|true|false\u00bb disabled_on=\u00bbon|on|on\u00bb admin_label=\u00bbdg module blog ALARGADOS\u00bb _builder_version=\u00bb4.27.4&#8243; title_font=\u00bb|700|||||||\u00bb title_text_align=\u00bbleft\u00bb title_line_height=\u00bb1.4em\u00bb meta_font=\u00bb||||||||\u00bb meta_text_color=\u00bb#6B6B6B\u00bb meta_font_size=\u00bb13px\u00bb content_font=\u00bbRoboto||||||||\u00bb content_text_align=\u00bbcenter\u00bb content_font_size=\u00bb16px\u00bb content_line_height=\u00bb1.9em\u00bb read_more_font=\u00bbPT Serif|700|on||on||||\u00bb read_more_text_color=\u00bb#8300e9&#8243; read_more_font_size=\u00bb16px\u00bb author_text_color=\u00bb#000000&#8243; category_text_color=\u00bb#000000&#8243; background_color=\u00bb#ffffff\u00bb title_font_size_tablet=\u00bb18px\u00bb title_font_size_phone=\u00bb16px\u00bb title_font_size_last_edited=\u00bbon|tablet\u00bb border_width_all_post_item=\u00bb1px\u00bb border_color_all_post_item=\u00bb#ededed\u00bb border_radii_author=\u00bbon|3px|3px|3px|3px\u00bb disabled=\u00bbon\u00bb locked=\u00bboff\u00bb global_colors_info=\u00bb{}\u00bb author_background_color__hover=\u00bbrgba(0,0,0,0)\u00bb author_background_color__hover_enabled=\u00bbon|desktop\u00bb category_background_color__hover=\u00bbrgba(0,0,0,0)\u00bb category_background_color__hover_enabled=\u00bbon|hover\u00bb][\/dgbm_blog_module][\/et_pb_column][et_pb_column type=\u00bb1_3&#8243; _builder_version=\u00bb4.23.1&#8243; _module_preset=\u00bbdefault\u00bb global_colors_info=\u00bb{}\u00bb][et_pb_blurb title=\u00bbM\u00c1S RECIENTES\u00bb use_icon=\u00bbon\u00bb font_icon=\u00bb&#x62;||divi||400&#8243; icon_color=\u00bb#000000&#8243; image_icon_background_color=\u00bb#ffffff\u00bb icon_placement=\u00bbleft\u00bb image_icon_width=\u00bb18px\u00bb disabled_on=\u00bbon|on|on\u00bb _builder_version=\u00bb4.27.4&#8243; header_font=\u00bbMontserrat|700|||||||\u00bb header_text_color=\u00bb#5400FF\u00bb header_line_height=\u00bb2em\u00bb image_icon_custom_padding=\u00bb8px|8px|8px|8px|false|false\u00bb custom_margin=\u00bb2px||||false|false\u00bb custom_padding=\u00bb||0px|8px|false|false\u00bb animation=\u00bboff\u00bb border_radii_image=\u00bbon|100%|100%|100%|100%\u00bb border_width_all_image=\u00bb2px\u00bb border_color_all_image=\u00bb#000000&#8243; icon_font_size=\u00bb18px\u00bb use_circle=\u00bbon\u00bb use_circle_border=\u00bbon\u00bb circle_border_color=\u00bb#000000&#8243; circle_color=\u00bb#ffffff\u00bb disabled=\u00bbon\u00bb locked=\u00bboff\u00bb global_colors_info=\u00bb{}\u00bb image_icon_background_color__sticky_enabled=\u00bb#1b92c9&#8243; image_icon_background_color__sticky=\u00bb#1b92c9&#8243;][\/et_pb_blurb][dgbm_blog_module posts_number=\u00bb2&#8243; title_tag=\u00bbh3&#8243; show_thumbnail=\u00bboff\u00bb show_excerpt=\u00bboff\u00bb show_categories=\u00bboff\u00bb show_author=\u00bboff\u00bb show_date=\u00bboff\u00bb show_pagination=\u00bboff\u00bb layout=\u00bbfull-width\u00bb container_margin=\u00bb|||25px|false|false\u00bb article_margin=\u00bb||15px||false|false\u00bb article_padding=\u00bb|||18px|false|false\u00bb content_padding=\u00bb|||13px|false|false\u00bb disabled_on=\u00bbon|on|on\u00bb admin_label=\u00bbmodulo dgear mas recientes\u00bb _builder_version=\u00bb4.27.4&#8243; title_font=\u00bbPoppins||||||||\u00bb title_font_size=\u00bb15px\u00bb title_line_height=\u00bb1.6em\u00bb border_color_all_post_item=\u00bb#04e6fc\u00bb border_width_left_post_item=\u00bb3px\u00bb border_color_left_post_item=\u00bb#000000&#8243; border_width_left_post_item_tablet=\u00bb2px\u00bb border_width_left_post_item_phone=\u00bb2px\u00bb border_width_left_post_item_last_edited=\u00bbon|tablet\u00bb disabled=\u00bbon\u00bb locked=\u00bboff\u00bb global_colors_info=\u00bb{}\u00bb border_width_all_post_item__hover_enabled=\u00bbon|desktop\u00bb border_color_left_post_item__hover_enabled=\u00bbon|hover\u00bb border_color_left_post_item__hover=\u00bb#e91e63&#8243; title_text_color__hover_enabled=\u00bbon|hover\u00bb title_text_color__hover=\u00bb#5400FF\u00bb][\/dgbm_blog_module][et_pb_blurb title=\u00bbCATEGORIAS DE BLOG\u00bb use_icon=\u00bbon\u00bb font_icon=\u00bb&#xf4ad;||fa||400&#8243; icon_color=\u00bb#000000&#8243; image_icon_background_color=\u00bb#ffffff\u00bb icon_placement=\u00bbleft\u00bb image_icon_width=\u00bb18px\u00bb _builder_version=\u00bb4.27.4&#8243; header_font=\u00bbMontserrat|700||on|||||\u00bb header_text_color=\u00bb#5400FF\u00bb header_line_height=\u00bb2em\u00bb image_icon_custom_padding=\u00bb8px|8px|8px|8px|false|false\u00bb custom_margin=\u00bb2px||4px||false|false\u00bb custom_padding=\u00bb23px||0px|8px|false|false\u00bb animation=\u00bboff\u00bb border_radii_image=\u00bbon|100%|100%|100%|100%\u00bb border_width_all_image=\u00bb2px\u00bb border_color_all_image=\u00bb#000000&#8243; icon_font_size=\u00bb18px\u00bb use_circle=\u00bbon\u00bb use_circle_border=\u00bbon\u00bb circle_border_color=\u00bb#000000&#8243; circle_color=\u00bb#ffffff\u00bb locked=\u00bboff\u00bb global_colors_info=\u00bb{}\u00bb image_icon_background_color__sticky_enabled=\u00bb#1b92c9&#8243; image_icon_background_color__sticky=\u00bb#1b92c9&#8243;][\/et_pb_blurb][et_pb_sidebar orientation=\u00bbright\u00bb show_border=\u00bboff\u00bb _builder_version=\u00bb4.27.4&#8243; _module_preset=\u00bbdefault\u00bb body_font=\u00bbPoppins|600|||||||\u00bb body_text_color=\u00bb#242424&#8243; body_font_size=\u00bb16px\u00bb body_line_height=\u00bb2em\u00bb text_orientation=\u00bbleft\u00bb custom_margin=\u00bb||0px||false|false\u00bb custom_padding=\u00bb||0px|45px|false|false\u00bb custom_padding_tablet=\u00bb|||45px|false|false\u00bb custom_padding_phone=\u00bb|||45px|false|false\u00bb custom_padding_last_edited=\u00bbon|phone\u00bb header_font_size_tablet=\u00bb\u00bb header_font_size_phone=\u00bb18px\u00bb header_font_size_last_edited=\u00bbon|phone\u00bb body_font_size_tablet=\u00bb15px\u00bb body_font_size_phone=\u00bb14px\u00bb body_font_size_last_edited=\u00bbon|phone\u00bb global_colors_info=\u00bb{}\u00bb body_text_color__hover_enabled=\u00bbon|hover\u00bb body_letter_spacing__hover_enabled=\u00bboff|hover\u00bb body_letter_spacing__hover=\u00bb0px\u00bb body_text_color__hover=\u00bb#D827DB\u00bb][\/et_pb_sidebar][et_pb_blurb title=\u00bbCONCEPTUALIZANDO\u00bb use_icon=\u00bbon\u00bb font_icon=\u00bb&#xf7a4;||fa||900&#8243; icon_color=\u00bb#000000&#8243; image_icon_background_color=\u00bb#ffffff\u00bb icon_placement=\u00bbleft\u00bb image_icon_width=\u00bb18px\u00bb disabled_on=\u00bboff|off|off\u00bb _builder_version=\u00bb4.27.4&#8243; header_font=\u00bbMontserrat|700|||||||\u00bb header_text_color=\u00bb#5400FF\u00bb header_line_height=\u00bb2em\u00bb image_icon_custom_padding=\u00bb8px|8px|8px|8px|false|false\u00bb custom_margin=\u00bb2px||||false|false\u00bb custom_padding=\u00bb||0px|8px|false|false\u00bb animation=\u00bboff\u00bb border_radii_image=\u00bbon|100%|100%|100%|100%\u00bb border_width_all_image=\u00bb2px\u00bb border_color_all_image=\u00bb#000000&#8243; icon_font_size=\u00bb18px\u00bb use_circle=\u00bbon\u00bb use_circle_border=\u00bbon\u00bb circle_border_color=\u00bb#000000&#8243; circle_color=\u00bb#ffffff\u00bb locked=\u00bboff\u00bb global_colors_info=\u00bb{}\u00bb image_icon_background_color__sticky_enabled=\u00bb#1b92c9&#8243; image_icon_background_color__sticky=\u00bb#1b92c9&#8243;][\/et_pb_blurb][dgbm_blog_module posts_number=\u00bb3&#8243; type=\u00bb3&#8243; include_categories=\u00bb10&#8243; title_tag=\u00bbh3&#8243; show_excerpt=\u00bboff\u00bb show_categories=\u00bboff\u00bb show_author=\u00bboff\u00bb meta_date=\u00bbd\/m\/Y\u00bb show_pagination=\u00bboff\u00bb layout=\u00bbfull-width\u00bb layout_styles=\u00bbimage-left\u00bb equal_height_column=\u00bbon\u00bb image_size=\u00bbmid\u00bb image_scale_on_hover=\u00bbon\u00bb use_meta_icon=\u00bbon\u00bb container_margin=\u00bb|||25px|false|false\u00bb article_margin=\u00bb||15px||false|false\u00bb article_padding=\u00bb|||18px|false|false\u00bb content_padding=\u00bb|||13px|false|false\u00bb date_location=\u00bbtop\u00bb disabled_on=\u00bboff|off|off\u00bb admin_label=\u00bbMITOS DIGITALES\u00bb _builder_version=\u00bb4.27.4&#8243; title_font=\u00bbPoppins||||||||\u00bb title_font_size=\u00bb14px\u00bb title_line_height=\u00bb1.6em\u00bb meta_text_color=\u00bb#474747&#8243; meta_font_size=\u00bb13px\u00bb date_font_size=\u00bb13px\u00bb border_color_all_post_item=\u00bb#007fe0&#8243; border_width_left_post_item=\u00bb3px\u00bb border_color_left_post_item=\u00bb#000000&#8243; border_width_left_post_item_tablet=\u00bb2px\u00bb border_width_left_post_item_phone=\u00bb2px\u00bb border_width_left_post_item_last_edited=\u00bbon|tablet\u00bb locked=\u00bboff\u00bb global_colors_info=\u00bb{}\u00bb border_width_all_post_item__hover_enabled=\u00bbon|hover\u00bb border_color_left_post_item__hover_enabled=\u00bbon|hover\u00bb border_color_left_post_item__hover=\u00bb#e91e63&#8243; title_text_color__hover_enabled=\u00bbon|hover\u00bb title_text_color__hover=\u00bb#EE0290&#8243;][\/dgbm_blog_module][et_pb_blurb title=\u00bbASISTENCIA AL CLIENTE\u00bb use_icon=\u00bbon\u00bb font_icon=\u00bb&#xf5a2;||fa||900&#8243; icon_color=\u00bb#000000&#8243; image_icon_background_color=\u00bb#ffffff\u00bb icon_placement=\u00bbleft\u00bb image_icon_width=\u00bb18px\u00bb _builder_version=\u00bb4.27.4&#8243; header_font=\u00bbMontserrat|700|||||||\u00bb header_text_color=\u00bb#5400FF\u00bb header_line_height=\u00bb2em\u00bb image_icon_custom_padding=\u00bb8px|8px|8px|8px|false|false\u00bb custom_margin=\u00bb30px||||false|false\u00bb custom_margin_tablet=\u00bb30px||||false|false\u00bb custom_margin_phone=\u00bb30px||||false|false\u00bb custom_margin_last_edited=\u00bbon|phone\u00bb custom_padding=\u00bb||0px|8px|false|false\u00bb animation=\u00bboff\u00bb border_radii_image=\u00bbon|100%|100%|100%|100%\u00bb border_width_all_image=\u00bb2px\u00bb border_color_all_image=\u00bb#000000&#8243; icon_font_size=\u00bb18px\u00bb use_circle=\u00bbon\u00bb use_circle_border=\u00bbon\u00bb circle_border_color=\u00bb#000000&#8243; circle_color=\u00bb#ffffff\u00bb locked=\u00bboff\u00bb global_colors_info=\u00bb{}\u00bb image_icon_background_color__sticky_enabled=\u00bb#1b92c9&#8243; image_icon_background_color__sticky=\u00bb#1b92c9&#8243;][\/et_pb_blurb][dgbm_blog_module posts_number=\u00bb2&#8243; type=\u00bb3&#8243; include_categories=\u00bb11&#8243; title_tag=\u00bbh3&#8243; show_excerpt=\u00bboff\u00bb show_categories=\u00bboff\u00bb show_author=\u00bboff\u00bb meta_date=\u00bbd\/m\/Y\u00bb show_pagination=\u00bboff\u00bb layout=\u00bbfull-width\u00bb layout_styles=\u00bbimage-left\u00bb equal_height_column=\u00bbon\u00bb image_size=\u00bbmid\u00bb image_scale_on_hover=\u00bbon\u00bb use_meta_icon=\u00bbon\u00bb container_margin=\u00bb|||25px|false|false\u00bb article_margin=\u00bb||15px||false|false\u00bb article_padding=\u00bb|||18px|false|false\u00bb content_padding=\u00bb|||13px|false|false\u00bb date_location=\u00bbtop\u00bb admin_label=\u00bbASISTENCIA CLIENTE\u00bb _builder_version=\u00bb4.27.4&#8243; title_font=\u00bbPoppins||||||||\u00bb title_font_size=\u00bb14px\u00bb title_line_height=\u00bb1.6em\u00bb meta_text_color=\u00bb#474747&#8243; meta_font_size=\u00bb13px\u00bb date_font_size=\u00bb13px\u00bb border_color_all_post_item=\u00bb#007fe0&#8243; border_width_left_post_item=\u00bb3px\u00bb border_color_left_post_item=\u00bb#000000&#8243; border_width_left_post_item_tablet=\u00bb2px\u00bb border_width_left_post_item_phone=\u00bb2px\u00bb border_width_left_post_item_last_edited=\u00bbon|tablet\u00bb locked=\u00bboff\u00bb global_colors_info=\u00bb{}\u00bb border_width_all_post_item__hover_enabled=\u00bbon|hover\u00bb border_color_left_post_item__hover_enabled=\u00bbon|hover\u00bb border_color_left_post_item__hover=\u00bb#e91e63&#8243; title_text_color__hover_enabled=\u00bbon|hover\u00bb title_text_color__hover=\u00bb#EE0290&#8243;][\/dgbm_blog_module][et_pb_image src=\u00bbhttps:\/\/ap.net.ar\/blog\/wp-content\/uploads\/logo-ap-soluciones-digitales.svg\u00bb alt=\u00bbAP \u00b7 Soluciones Digitales \u00b7 Buenos Aires \u00b7 Argentina\u00bb url=\u00bbhttps:\/\/ap.net.ar\/\u00bb align=\u00bbcenter\u00bb _builder_version=\u00bb4.27.4&#8243; _module_preset=\u00bbdefault\u00bb custom_padding=\u00bb30px|50px||50px|false|true\u00bb custom_padding_tablet=\u00bb30px|50px||50px|false|true\u00bb custom_padding_phone=\u00bb0px|30px||30px|false|true\u00bb custom_padding_last_edited=\u00bbon|phone\u00bb global_colors_info=\u00bb{}\u00bb][\/et_pb_image][et_pb_blurb title=\u00bbSeguinos!\u00bb use_icon=\u00bbon\u00bb font_icon=\u00bb&#xe0cb;||divi||400&#8243; icon_color=\u00bb#007ebb\u00bb image_icon_background_color=\u00bb#ffffff\u00bb icon_placement=\u00bbleft\u00bb image_icon_width=\u00bb18px\u00bb disabled_on=\u00bboff|off|off\u00bb admin_label=\u00bbSEGUIR EN LN\u00bb _builder_version=\u00bb4.27.4&#8243; header_font=\u00bbMontserrat|700|||||||\u00bb header_text_color=\u00bb#5400FF\u00bb header_line_height=\u00bb2em\u00bb image_icon_custom_padding=\u00bb8px|8px|8px|8px|false|false\u00bb custom_margin=\u00bb2px||||false|false\u00bb custom_padding=\u00bb22px||0px|8px|false|false\u00bb custom_padding_tablet=\u00bb10px||||false|false\u00bb custom_padding_phone=\u00bb10px||||false|false\u00bb custom_padding_last_edited=\u00bbon|phone\u00bb animation=\u00bboff\u00bb link_option_url=\u00bbhttps:\/\/www.linkedin.com\/company\/ap-soluciones-digitales\u00bb link_option_url_new_window=\u00bbon\u00bb border_radii_image=\u00bbon|100%|100%|100%|100%\u00bb border_width_all_image=\u00bb2px\u00bb border_color_all_image=\u00bb#000000&#8243; icon_font_size=\u00bb18px\u00bb use_circle=\u00bbon\u00bb use_circle_border=\u00bbon\u00bb circle_border_color=\u00bb#000000&#8243; circle_color=\u00bb#ffffff\u00bb locked=\u00bboff\u00bb global_colors_info=\u00bb{}\u00bb image_icon_background_color__sticky_enabled=\u00bb#1b92c9&#8243; image_icon_background_color__sticky=\u00bb#1b92c9&#8243;][\/et_pb_blurb][\/et_pb_column][\/et_pb_row][\/et_pb_section]<\/p>\n","protected":false},"excerpt":{"rendered":"<p>En TECNOLOG\u00cdA\u00bbLo \u00fanico Constante esEl Cambio\u00bbEst\u00e1s en un Blog m\u00e1s, pero diferente a otros Institucionales que dar\u00e1 Novedades o Promociones en su empresa o del sector. Su finalidad inicial surgi\u00f3 compartiendo de forma privada a nuestros Clientes que ya forman parte de nuestro ecosistema digital: Recursos, Explicaciones, etc (Soluciones valiosas para ellos y explicadas sin [&hellip;]<\/p>\n","protected":false},"author":1,"featured_media":0,"parent":0,"menu_order":0,"comment_status":"closed","ping_status":"closed","template":"","meta":{"_acf_changed":false,"_et_pb_use_builder":"on","_et_pb_old_content":"","_et_gb_content_width":"","footnotes":""},"class_list":["post-5852","page","type-page","status-publish","hentry"],"acf":[],"_links":{"self":[{"href":"https:\/\/ap.net.ar\/blog\/wp-json\/wp\/v2\/pages\/5852","targetHints":{"allow":["GET"]}}],"collection":[{"href":"https:\/\/ap.net.ar\/blog\/wp-json\/wp\/v2\/pages"}],"about":[{"href":"https:\/\/ap.net.ar\/blog\/wp-json\/wp\/v2\/types\/page"}],"author":[{"embeddable":true,"href":"https:\/\/ap.net.ar\/blog\/wp-json\/wp\/v2\/users\/1"}],"replies":[{"embeddable":true,"href":"https:\/\/ap.net.ar\/blog\/wp-json\/wp\/v2\/comments?post=5852"}],"version-history":[{"count":3,"href":"https:\/\/ap.net.ar\/blog\/wp-json\/wp\/v2\/pages\/5852\/revisions"}],"predecessor-version":[{"id":24847354,"href":"https:\/\/ap.net.ar\/blog\/wp-json\/wp\/v2\/pages\/5852\/revisions\/24847354"}],"wp:attachment":[{"href":"https:\/\/ap.net.ar\/blog\/wp-json\/wp\/v2\/media?parent=5852"}],"curies":[{"name":"wp","href":"https:\/\/api.w.org\/{rel}","templated":true}]}}